{"id":9911,"date":"2019-04-07T02:24:56","date_gmt":"2019-04-07T02:24:56","guid":{"rendered":"https:\/\/15.223.220.40\/?page_id=9911"},"modified":"2019-06-28T18:41:48","modified_gmt":"2019-06-28T18:41:48","slug":"course-data","status":"publish","type":"page","link":"https:\/\/nbtraumaeducation.ca\/fr\/instructor-dashboard\/course-data\/","title":{"rendered":"Donn\u00e9es du cours"},"content":{"rendered":"<p>The follow course data will display the courses your are instructing and the students&#8217; progress through the course.<\/p>\n<p>Les donn\u00e9es afficheront uniquement leurs progr\u00e8s, et non les scores de leurs donn\u00e9es d'\u00e9valuation confidentielles.<\/p>\n<p>Click on the &#8216;User Report&#8217; tab to review individual learner progress in a course.<\/p>\n\tYou must be logged in to view this report.\n\t\t\t<a href=\"https:\/\/nbtraumaeducation.ca\/instructor-dashboard\/\" target=\"_self\" role=\"button\" rel=\"noopener noreferrer\">\n\t\t\t\t\t\t\tRetour\n\t\t\t\t\t<\/a>","protected":false},"excerpt":{"rendered":"<p>The follow course data will display the courses your are instructing and the students&#8217; progress through the course. The data will only display their progress, and not the scores to their confidential assessment data. Click on the &#8216;User Report&#8217; tab to review individual learner progress in a course. Back<\/p>","protected":false},"author":2,"featured_media":0,"parent":9795,"menu_order":0,"comment_status":"closed","ping_status":"closed","template":"","meta":{"generate_page_header":"","_price":"","_stock":"","_tribe_ticket_header":"","_tribe_default_ticket_provider":"","_ticket_start_date":"","_ticket_end_date":"","_tribe_ticket_show_description":"","_tribe_ticket_show_not_going":false,"_tribe_ticket_use_global_stock":"","_tribe_ticket_global_stock_level":"","_global_stock_mode":"","_global_stock_cap":"","_tribe_rsvp_for_event":"","_tribe_ticket_going_count":"","_tribe_ticket_not_going_count":"","_tribe_tickets_list":"[]","_tribe_ticket_has_attendee_info_fields":false,"footnotes":"","_tec_slr_enabled":"","_tec_slr_layout":""},"class_list":["post-9911","page","type-page","status-publish"],"ticketed":false,"_links":{"self":[{"href":"https:\/\/nbtraumaeducation.ca\/fr\/wp-json\/wp\/v2\/pages\/9911","targetHints":{"allow":["GET"]}}],"collection":[{"href":"https:\/\/nbtraumaeducation.ca\/fr\/wp-json\/wp\/v2\/pages"}],"about":[{"href":"https:\/\/nbtraumaeducation.ca\/fr\/wp-json\/wp\/v2\/types\/page"}],"author":[{"embeddable":true,"href":"https:\/\/nbtraumaeducation.ca\/fr\/wp-json\/wp\/v2\/users\/2"}],"replies":[{"embeddable":true,"href":"https:\/\/nbtraumaeducation.ca\/fr\/wp-json\/wp\/v2\/comments?post=9911"}],"version-history":[{"count":11,"href":"https:\/\/nbtraumaeducation.ca\/fr\/wp-json\/wp\/v2\/pages\/9911\/revisions"}],"predecessor-version":[{"id":10747,"href":"https:\/\/nbtraumaeducation.ca\/fr\/wp-json\/wp\/v2\/pages\/9911\/revisions\/10747"}],"up":[{"embeddable":true,"href":"https:\/\/nbtraumaeducation.ca\/fr\/wp-json\/wp\/v2\/pages\/9795"}],"wp:attachment":[{"href":"https:\/\/nbtraumaeducation.ca\/fr\/wp-json\/wp\/v2\/media?parent=9911"}],"curies":[{"name":"wp","href":"https:\/\/api.w.org\/{rel}","templated":true}]}}