{"id":9793,"date":"2019-04-07T02:24:56","date_gmt":"2019-04-07T02:24:56","guid":{"rendered":"https:\/\/15.223.220.40\/?page_id=9793"},"modified":"2026-03-06T17:00:46","modified_gmt":"2026-03-06T17:00:46","slug":"learner-dashboard","status":"publish","type":"page","link":"https:\/\/nbtraumaeducation.ca\/fr\/learner-dashboard\/","title":{"rendered":""},"content":{"rendered":"<h1><strong>Formation sur le traumatisme NB<\/strong><\/h1>\n\t\t\t\t\t\t\t<button aria-label=\"previous\" type=\"button\">\n<\/button>\n\t\t\t\t<button aria-label=\"next\" type=\"button\">\n<\/button>\n\t\t<ul>\n\t\t\t\t<li>\n\t\t\t<img decoding=\"async\" loading=\"false\" src=\"http:\/\/nbtraumaeducation.ca\/wp-content\/uploads\/2025\/06\/Fall-Course-Image-e1751991979548.png\" alt=\"Image of older man using walker.\" \/>\t\t\t\n\t\t\t\t<h2><strong>Cours de pr\u00e9vention des blessures : <\/strong><em>Pr\u00e9vention des chutes<\/em><\/h2>\n\t\t\t<a href=\"https:\/\/nbtraumaeducation.ca\/courses\/fall-risk-screening-assessment-intervention-2-2-2\/\"  target=\"_self\">\n\t\t\t\t\t\t\tCommencer maintenant\n\t\t\t\t\t<\/a>\n\t\t<\/li>\n\t\t\t<li>\n\t\t\t<img decoding=\"async\" loading=\"false\" src=\"http:\/\/nbtraumaeducation.ca\/wp-content\/uploads\/2024\/06\/homepageoriginal-national.jpg\" alt=\"\" \/>\t\t\t\n\t\t\t\t<h2><strong>S'inscrire \u00e0 des cours de formation en traumatologie : <\/strong><em>Professionnels de la sant\u00e9<\/em><\/h2>\n\t\t\t<a href=\"https:\/\/nbtraumaeducation.ca\/learner-dashboard\/course-profile\/\"  target=\"_self\">\n\t\t\t\t\t\t\tS'inscrire \u00e0 un cours\n\t\t\t\t\t<\/a>\n\t\t<\/li>\n\t\t\t<li>\n\t\t\t<img decoding=\"async\" loading=\"false\" src=\"http:\/\/nbtraumaeducation.ca\/wp-content\/uploads\/2019\/06\/Precoursedata2.png\" alt=\"\" \/>\t\t\t\n\t\t\t\t<h2><strong>Mes cours enregistr\u00e9s : <\/strong><em>Reprendre l\u00e0 o\u00f9 je m'\u00e9tais arr\u00eat\u00e9<\/em><\/h2>\n\t\t\t<a href=\"https:\/\/nbtraumaeducation.ca\/learner-dashboard\/dashboard\/\"  target=\"_self\">\n\t\t\t\t\t\t\tVoir mes cours enregistr\u00e9s\n\t\t\t\t\t<\/a>\n\t\t<\/li>\n\t\t<\/ul>\n\t<ul>\n\t\t\t<li>\n\t\t\t<h4>\n\t\t\t<a href=\"https:\/\/nbtraumaeducation.ca\/courses\/fall-risk-screening-assessment-intervention-2-2-2\/\" target=\"_self\"  data-hover=\"Injury Prevention Courses\" aria-label=\"Cours de pr\u00e9vention des blessures\">Cours de pr\u00e9vention des blessures<\/a>\n\t\t\t<\/h4>\n\t\t<\/li>\n\t\t\t\t\t<li>\n\t\t\t<h4>\n\t\t\t<a href=\"https:\/\/nbtraumaeducation.ca\/learner-dashboard\/course-profile\/\" target=\"_self\"  data-hover=\"Register for Trauma Education Courses\" aria-label=\"S&#039;inscrire aux cours de formation en traumatologie\">S'inscrire aux cours de formation en traumatologie<\/a>\n\t\t\t<\/h4>\n\t\t<\/li>\n\t\t\t\t\t<li>\n\t\t\t<h4>\n\t\t\t<a href=\"https:\/\/nbtraumaeducation.ca\/learner-dashboard\/dashboard\/\" target=\"_self\"  data-hover=\"My Registered Courses\" aria-label=\"Mes cours enregistr\u00e9s\">Mes cours enregistr\u00e9s<\/a>\n\t\t\t<\/h4>\n\t\t<\/li>\n\t\t\t\t<\/ul>\n\t\t\t<a href=\"https:\/\/nbtrauma.ca\/contact-us\/\"  target=\"_blank\" rel=\"noopener\">\n\t\t\t\t\t\t\tVous avez des questions ? Contacter Trauma NB\n\t\t\t\t\t<\/a>","protected":false},"excerpt":{"rendered":"<p>Trauma NB Education Injury Prevention Courses: Fall Prevention Start Now Register for Trauma Education Courses: Health Care Professionals Register for a Course My Registered Courses: Pick-up where I left off View My Registered Courses Injury Prevention Courses Register for Trauma Education Courses My Registered Courses Questions? Contact Trauma NB<\/p>","protected":false},"author":2,"featured_media":0,"parent":0,"menu_order":4,"comment_status":"closed","ping_status":"closed","template":"","meta":{"generate_page_header":"","_price":"","_stock":"","_tribe_ticket_header":"","_tribe_default_ticket_provider":"","_ticket_start_date":"","_ticket_end_date":"","_tribe_ticket_show_description":"","_tribe_ticket_show_not_going":false,"_tribe_ticket_use_global_stock":"","_tribe_ticket_global_stock_level":"","_global_stock_mode":"","_global_stock_cap":"","_tribe_rsvp_for_event":"","_tribe_ticket_going_count":"","_tribe_ticket_not_going_count":"","_tribe_tickets_list":"[]","_tribe_ticket_has_attendee_info_fields":false,"footnotes":"","_tec_slr_enabled":"","_tec_slr_layout":""},"class_list":["post-9793","page","type-page","status-publish"],"ticketed":false,"_links":{"self":[{"href":"https:\/\/nbtraumaeducation.ca\/fr\/wp-json\/wp\/v2\/pages\/9793","targetHints":{"allow":["GET"]}}],"collection":[{"href":"https:\/\/nbtraumaeducation.ca\/fr\/wp-json\/wp\/v2\/pages"}],"about":[{"href":"https:\/\/nbtraumaeducation.ca\/fr\/wp-json\/wp\/v2\/types\/page"}],"author":[{"embeddable":true,"href":"https:\/\/nbtraumaeducation.ca\/fr\/wp-json\/wp\/v2\/users\/2"}],"replies":[{"embeddable":true,"href":"https:\/\/nbtraumaeducation.ca\/fr\/wp-json\/wp\/v2\/comments?post=9793"}],"version-history":[{"count":53,"href":"https:\/\/nbtraumaeducation.ca\/fr\/wp-json\/wp\/v2\/pages\/9793\/revisions"}],"predecessor-version":[{"id":50021,"href":"https:\/\/nbtraumaeducation.ca\/fr\/wp-json\/wp\/v2\/pages\/9793\/revisions\/50021"}],"wp:attachment":[{"href":"https:\/\/nbtraumaeducation.ca\/fr\/wp-json\/wp\/v2\/media?parent=9793"}],"curies":[{"name":"wp","href":"https:\/\/api.w.org\/{rel}","templated":true}]}}