{"id":8943,"date":"2019-04-07T02:24:56","date_gmt":"2019-04-07T02:24:56","guid":{"rendered":"http:\/\/35.183.100.242\/?page_id=8943"},"modified":"2025-09-19T10:28:08","modified_gmt":"2025-09-19T10:28:08","slug":"test-page","status":"publish","type":"page","link":"https:\/\/nbtraumaeducation.ca\/fr\/test-page\/","title":{"rendered":""},"content":{"rendered":"<h1><strong>Cours de pr\u00e9vention des blessures<\/strong><\/h1>\n\t<h3>Les cours \u00e9num\u00e9r\u00e9s ci-dessous sont accessibles \u00e0 la communaut\u00e9, aux amis, aux membres de la famille, aux soignants, aux travailleurs de soutien et \u00e0 toute autre personne souhaitant en savoir plus sur la pr\u00e9vention des chutes.<\/h3>\n\t<style>.uo-grid-wrapper .grid-course:hover .uo-border{border-color:#ed8b00}<\/style><div class=\"uo-ultp-grid-container\"><div class=\"uo-grid-wrapper\"><div class=\"grid-course uo-col-14 uo-4-col\">\n\t<div class=\"uo-border\">\n\t\t<a href=\"https:\/\/nbtraumaeducation.ca\/fr\/courses\/fall-risk-screening-assessment-intervention-2-2-2\/\">\n\t\t\t\t\t\t\t\t\t<!-- Price Ribbon section -->\n\t\t\t\t\t\t<!-- Price Ribbon section -- End -->\n\t\t\t<!-- Feature Image -- Start -->\n\t\t\t\t\t\t\t<div class=\"featured-image\">\n\t\t\t\t\t\t\t\t\t\t\t<img\n\t\t\t\t\t\t\tsrc=\"https:\/\/nbtraumaeducation.ca\/wp-content\/uploads\/2025\/06\/Fall-Course-Image-e1751991979548.png\"\n\t\t\t\t\t\t\tclass=\"uo-grid-featured-image\"\n\t\t\t\t\t\t\talt=\"Image of older man using walker.\"\/>\n\t\t\t\t\t\t\t\t\t<\/div>\n\t\t\t\t\t\t\t<!-- Feature Image -- End -->\n\t\t\t<!-- Course Info holder -- Start -->\n\t\t\t<div class=\"course-info-holder\">\n\t\t\t\t<!-- Course title -->\n\t\t\t\t<div\n\t\t\t\t\tclass=\"course-before-title\"><\/div>\n\t\t\t\t\t\t\t\t\t<div class=\"course-title\">Chutes chez les personnes \u00e2g\u00e9es : S\u00e9rie sur la pr\u00e9vention des traumatismes au NB<\/div>\n\t\t\t\t\t\t\t\t<div class=\"course-after-title\"><\/div>\n\t\t\t\t<!-- Course title - End -->\n\n\t\t\t\t\t\t\t\t<!-- Course description - Start -->\n\t\t\t\t<div\n\t\t\t\t\tclass=\"course-before-short-description\"><\/div>\n\t\t\t\t\t\t\t\t<div\n\t\t\t\t\tclass=\"course-after-short-description\"><\/div>\n\t\t\t\t<!-- Course description - End -->\n\t\t\t<\/div>\n\t\t\t<div class=\"course-info-holder   bottom\">\n\t\t\t\t\t\t\t\t\t\t\t\t\t\t\t<dd class=\"uo-course-progress\" title=\"\" style=\"visibility: hidden\">\n\t\t\t\t\t\t\t<div class=\"course_progress\" style=\"width: 100%;\">\n\t\t\t\t\t\t\t<\/div>\n\t\t\t\t\t\t<\/dd>\n\t\t\t\t\t\t\t\t\t\t<h4 class=\"view-course-outline\">\n\t\t\t\t\t\tView Course Outline\t\t\t\t\t<\/h4>\n\t\t\t\t\t<div class=\"list-tag-container view-course-outline\"\n\t\t\t\t\t\t style=\"visibility: hidden\">\n\t\t\t\t\t\t&nbsp;\n\t\t\t\t\t<\/div>\n\t\t\t\t\t\t\t<\/div>\n\n\t\t\t\t\t\t\t\t<\/a>\n\t\t\t<\/div>\n<\/div>\n\t\t<div class=\"uo-view-more uo-view-more-holder hidden  grid-course uo-col-14 uo-4-col uo-view-more\">\n\t\t\t<a class=\"uo-view-more-anchor\"\n\t\t\t   data-target=\"#c8663b90743fb423ead76ef229d37237\"\n\t\t\t   data-viewmore=\"View more &lt;i class=&quot;fa fa fa-arrow-circle-right&quot;&gt;&lt;\/i&gt;\"\n\t\t\t   data-viewless=\"View less &lt;i class=&quot;fa fa fa-arrow-circle-right&quot;&gt;&lt;\/i&gt;\"\n\t\t\t   href=\"javascript:;\">\n\t\t\t\tView more <i class=\"fa fa fa-arrow-circle-right\"><\/i>\t\t\t<\/a>\n\t\t<\/div>\n\t\t<\/div><\/div><div class=\"uo-ultp-grid-container uo-ultp-grid-container--all\"><div class=\"uo-grid-wrapper uo-clear-all\" id=\"c8663b90743fb423ead76ef229d37237\"><\/div><\/div>","protected":false},"excerpt":{"rendered":"<p>Injury Prevention Courses Courses listed below are openly available to community, friends, family members, caregivers, support workers, and anyone else who wants to learn more about preventing falls.<\/p>","protected":false},"author":1,"featured_media":0,"parent":0,"menu_order":1,"comment_status":"closed","ping_status":"closed","template":"","meta":{"generate_page_header":"","_price":"","_stock":"","_tribe_ticket_header":"","_tribe_default_ticket_provider":"","_ticket_start_date":"","_ticket_end_date":"","_tribe_ticket_show_description":"","_tribe_ticket_show_not_going":false,"_tribe_ticket_use_global_stock":"","_tribe_ticket_global_stock_level":"","_global_stock_mode":"","_global_stock_cap":"","_tribe_rsvp_for_event":"","_tribe_ticket_going_count":"","_tribe_ticket_not_going_count":"","_tribe_tickets_list":"[]","_tribe_ticket_has_attendee_info_fields":false,"footnotes":"","_tec_slr_enabled":"","_tec_slr_layout":""},"class_list":["post-8943","page","type-page","status-publish"],"ticketed":false,"_links":{"self":[{"href":"https:\/\/nbtraumaeducation.ca\/fr\/wp-json\/wp\/v2\/pages\/8943","targetHints":{"allow":["GET"]}}],"collection":[{"href":"https:\/\/nbtraumaeducation.ca\/fr\/wp-json\/wp\/v2\/pages"}],"about":[{"href":"https:\/\/nbtraumaeducation.ca\/fr\/wp-json\/wp\/v2\/types\/page"}],"author":[{"embeddable":true,"href":"https:\/\/nbtraumaeducation.ca\/fr\/wp-json\/wp\/v2\/users\/1"}],"replies":[{"embeddable":true,"href":"https:\/\/nbtraumaeducation.ca\/fr\/wp-json\/wp\/v2\/comments?post=8943"}],"version-history":[{"count":30,"href":"https:\/\/nbtraumaeducation.ca\/fr\/wp-json\/wp\/v2\/pages\/8943\/revisions"}],"predecessor-version":[{"id":49655,"href":"https:\/\/nbtraumaeducation.ca\/fr\/wp-json\/wp\/v2\/pages\/8943\/revisions\/49655"}],"wp:attachment":[{"href":"https:\/\/nbtraumaeducation.ca\/fr\/wp-json\/wp\/v2\/media?parent=8943"}],"curies":[{"name":"wp","href":"https:\/\/api.w.org\/{rel}","templated":true}]}}