{"id":10780,"date":"2019-04-06T19:44:27","date_gmt":"2019-04-06T19:44:27","guid":{"rendered":"https:\/\/15.223.220.40\/?page_id=10780"},"modified":"2023-05-12T13:04:39","modified_gmt":"2023-05-12T13:04:39","slug":"add-resources","status":"publish","type":"page","link":"https:\/\/nbtraumaeducation.ca\/fr\/administrative-dashboard\/assessment1\/add-resources\/","title":{"rendered":"Form Add Resources"},"content":{"rendered":"<p>D\u00e9sol\u00e9. Vous devez \u00eatre connect\u00e9 pour acc\u00e9der \u00e0 ce formulaire.<\/p>\n\t<p>D\u00e9sol\u00e9. Vous devez \u00eatre connect\u00e9 pour acc\u00e9der \u00e0 ce formulaire.<\/p>\n\t<p>D\u00e9sol\u00e9. Vous devez \u00eatre connect\u00e9 pour acc\u00e9der \u00e0 ce formulaire.<\/p>\n\t\t\t<a href=\"https:\/\/nbtraumaeducation.ca\/administrative-dashboard\/\" target=\"_self\" role=\"button\" rel=\"noopener\">\n\t\t\t\t\t\t\tRetour\n\t\t\t\t\t<\/a>","protected":false},"excerpt":{"rendered":"<p>Retour<\/p>","protected":false},"author":2,"featured_media":0,"parent":8877,"menu_order":9,"comment_status":"closed","ping_status":"closed","template":"","meta":{"generate_page_header":"","_price":"","_stock":"","_tribe_ticket_header":"","_tribe_default_ticket_provider":"","_ticket_start_date":"","_ticket_end_date":"","_tribe_ticket_show_description":"","_tribe_ticket_show_not_going":false,"_tribe_ticket_use_global_stock":"","_tribe_ticket_global_stock_level":"","_global_stock_mode":"","_global_stock_cap":"","_tribe_rsvp_for_event":"","_tribe_ticket_going_count":"","_tribe_ticket_not_going_count":"","_tribe_tickets_list":"[]","_tribe_ticket_has_attendee_info_fields":false,"footnotes":"","_tec_slr_enabled":"","_tec_slr_layout":""},"class_list":["post-10780","page","type-page","status-publish"],"ticketed":false,"_links":{"self":[{"href":"https:\/\/nbtraumaeducation.ca\/fr\/wp-json\/wp\/v2\/pages\/10780","targetHints":{"allow":["GET"]}}],"collection":[{"href":"https:\/\/nbtraumaeducation.ca\/fr\/wp-json\/wp\/v2\/pages"}],"about":[{"href":"https:\/\/nbtraumaeducation.ca\/fr\/wp-json\/wp\/v2\/types\/page"}],"author":[{"embeddable":true,"href":"https:\/\/nbtraumaeducation.ca\/fr\/wp-json\/wp\/v2\/users\/2"}],"replies":[{"embeddable":true,"href":"https:\/\/nbtraumaeducation.ca\/fr\/wp-json\/wp\/v2\/comments?post=10780"}],"version-history":[{"count":8,"href":"https:\/\/nbtraumaeducation.ca\/fr\/wp-json\/wp\/v2\/pages\/10780\/revisions"}],"predecessor-version":[{"id":47279,"href":"https:\/\/nbtraumaeducation.ca\/fr\/wp-json\/wp\/v2\/pages\/10780\/revisions\/47279"}],"up":[{"embeddable":true,"href":"https:\/\/nbtraumaeducation.ca\/fr\/wp-json\/wp\/v2\/pages\/8877"}],"wp:attachment":[{"href":"https:\/\/nbtraumaeducation.ca\/fr\/wp-json\/wp\/v2\/media?parent=10780"}],"curies":[{"name":"wp","href":"https:\/\/api.w.org\/{rel}","templated":true}]}}